{"id":600,"date":"2014-12-27T13:11:16","date_gmt":"2014-12-27T13:11:16","guid":{"rendered":"http:\/\/galileocom.at\/index_wp.php\/?page_id=600"},"modified":"2015-01-18T14:44:08","modified_gmt":"2015-01-18T14:44:08","slug":"herzliche-manipulation","status":"publish","type":"page","link":"https:\/\/galileocom.at\/index_wp.php\/herzliche-manipulation\/","title":{"rendered":"Herzliche Manipulation"},"content":{"rendered":"<h1><strong>Vortrag &#8211; Herzliche Manipulation<\/strong><\/h1>\n<p><strong><a href=\"https:\/\/galileocom.at\/wp-content\/uploads\/2014\/12\/manipulation.jpg\" data-rel=\"lightbox-image-0\" data-rl_title=\"\" data-rl_caption=\"\" title=\"\"><img decoding=\"async\" loading=\"lazy\" class=\" size-full wp-image-637 alignright\" src=\"https:\/\/galileocom.at\/wp-content\/uploads\/2014\/12\/manipulation.jpg\" alt=\"manipulation\" width=\"249\" height=\"195\" \/><\/a>So bekommen Sie das, was Sie wollen<\/strong><\/p>\n<p>Das Training f\u00fcr Gewinner<\/p>\n<p><strong>Welche Vorteile bringen manipulative F\u00e4higkeiten<\/strong><\/p>\n<ul>\n<li style=\"list-style-image: url('https:\/\/galileocom.at\/wp-content\/uploads\/2014\/09\/tick.png');\">Voraussetzungen schaffen durch Verst\u00e4ndnis des psychologischen Hintergrundes<\/li>\n<li style=\"list-style-image: url('https:\/\/galileocom.at\/wp-content\/uploads\/2014\/09\/tick.png');\">Warum die Welt der Spiegelneuronen Ihren Vorsprung bedeutet<\/li>\n<li style=\"list-style-image: url('https:\/\/galileocom.at\/wp-content\/uploads\/2014\/09\/tick.png');\">Wie Sie die Alpha \u2013 Position intelligent einsetzen<\/li>\n<li style=\"list-style-image: url('https:\/\/galileocom.at\/wp-content\/uploads\/2014\/09\/tick.png');\">Die Ampel-Technik <sup>\u00a9<\/sup><\/li>\n<li style=\"list-style-image: url('https:\/\/galileocom.at\/wp-content\/uploads\/2014\/09\/tick.png');\">Sie bringen Ihren Gespr\u00e4chspartner dazu, \u201eJA\u201c zu Ihnen und Ihrem Angebot zu sagen<\/li>\n<li style=\"list-style-image: url('https:\/\/galileocom.at\/wp-content\/uploads\/2014\/09\/tick.png');\">Wie Sie <em>Sog statt Druck<\/em> erzeugen<\/li>\n<li style=\"list-style-image: url('https:\/\/galileocom.at\/wp-content\/uploads\/2014\/09\/tick.png');\">Ihre Joker: Sinnesspezifische Sprache und Metaprogramme<\/li>\n<li style=\"list-style-image: url('https:\/\/galileocom.at\/wp-content\/uploads\/2014\/09\/tick.png');\">Hypnotische Sprachmuster nach Milton Erickson<\/li>\n<li style=\"list-style-image: url('https:\/\/galileocom.at\/wp-content\/uploads\/2014\/09\/tick.png');\">7 Suggestivtechniken in der Abschlusssituation<\/li>\n<li style=\"list-style-image: url('https:\/\/galileocom.at\/wp-content\/uploads\/2014\/09\/tick.png');\">Das Pacing \/Leading-Grundgesetz<\/li>\n<li style=\"list-style-image: url('https:\/\/galileocom.at\/wp-content\/uploads\/2014\/09\/tick.png');\">Bausteine f\u00fcr Verhandlungs-Profis<\/li>\n<li style=\"list-style-image: url('https:\/\/galileocom.at\/wp-content\/uploads\/2014\/09\/tick.png');\">Mein Ziel erreichen durch das \u201eZielbild-Generieren\u201c im Gegen\u00fcber<\/li>\n<\/ul>\n<p><strong>\u00a0<\/strong><\/p>\n<p><strong>Vom Wissen zum K\u00f6nnen: (Ihr Ergebnis)<\/strong><\/p>\n<ul>\n<li style=\"list-style-image: url('https:\/\/galileocom.at\/wp-content\/uploads\/2014\/09\/tick.png');\">Sie erreichen Ihre Ziele \u2013 in der Situation selbst und langfristig<\/li>\n<li style=\"list-style-image: url('https:\/\/galileocom.at\/wp-content\/uploads\/2014\/09\/tick.png');\">Sie schaffen es die eigenen Interessen durch zu setzen<\/li>\n<li style=\"list-style-image: url('https:\/\/galileocom.at\/wp-content\/uploads\/2014\/09\/tick.png');\">Ihre Treffer-Quote steigt<\/li>\n<li style=\"list-style-image: url('https:\/\/galileocom.at\/wp-content\/uploads\/2014\/09\/tick.png');\">Sie entwickeln Ihre suggestiven F\u00e4higkeiten weiter<\/li>\n<li style=\"list-style-image: url('https:\/\/galileocom.at\/wp-content\/uploads\/2014\/09\/tick.png');\">Sie n\u00fctzen die Einflussfaktoren der Rhetorik und Eloquenz<\/li>\n<li style=\"list-style-image: url('https:\/\/galileocom.at\/wp-content\/uploads\/2014\/09\/tick.png');\">Sie haben ab jetzt die Z\u00fcgel in Ihren H\u00e4nden<\/li>\n<li style=\"list-style-image: url('https:\/\/galileocom.at\/wp-content\/uploads\/2014\/09\/tick.png');\">So \u00fcberzeugen und fordern Sie im Abschluss<\/li>\n<li style=\"list-style-image: url('https:\/\/galileocom.at\/wp-content\/uploads\/2014\/09\/tick.png');\">Sie sind gesch\u00fctzt vor manipulativen Angriffen<\/li>\n<li style=\"list-style-image: url('https:\/\/galileocom.at\/wp-content\/uploads\/2014\/09\/tick.png');\">Sie beherrschen manipulative Strategien<\/li>\n<li style=\"list-style-image: url('https:\/\/galileocom.at\/wp-content\/uploads\/2014\/09\/tick.png');\">Generieren Sie Stimmungen, schaffen Sie Emotionen, f\u00fchren Sie Entscheidungen herbei:\u00a0\u201eEisbrecher-Frage\u201c, Wohlf\u00fchl-W\u00f6rter, Push-Fragen,\u00a0Ampel-Technik, Suggestiv-Methoden,\u00a0 u.a.m.<\/li>\n<li style=\"list-style-image: url('https:\/\/galileocom.at\/wp-content\/uploads\/2014\/09\/tick.png');\">Sie gewinnen Ihren Gespr\u00e4chspartner f\u00fcr Ihre Ideen<\/li>\n<\/ul>\n<p>&nbsp;<\/p>\n","protected":false},"excerpt":{"rendered":"<p>Vortrag &#8211; Herzliche Manipulation So bekommen Sie das, was Sie wollen Das Training f\u00fcr Gewinner Welche Vorteile bringen manipulative F\u00e4higkeiten Voraussetzungen schaffen durch Verst\u00e4ndnis des psychologischen Hintergrundes Warum die Welt der Spiegelneuronen Ihren Vorsprung&#46;&#46;&#46;<\/p>\n","protected":false},"author":2,"featured_media":0,"parent":0,"menu_order":0,"comment_status":"open","ping_status":"open","template":"","meta":{"footnotes":""},"_links":{"self":[{"href":"https:\/\/galileocom.at\/index_wp.php\/wp-json\/wp\/v2\/pages\/600"}],"collection":[{"href":"https:\/\/galileocom.at\/index_wp.php\/wp-json\/wp\/v2\/pages"}],"about":[{"href":"https:\/\/galileocom.at\/index_wp.php\/wp-json\/wp\/v2\/types\/page"}],"author":[{"embeddable":true,"href":"https:\/\/galileocom.at\/index_wp.php\/wp-json\/wp\/v2\/users\/2"}],"replies":[{"embeddable":true,"href":"https:\/\/galileocom.at\/index_wp.php\/wp-json\/wp\/v2\/comments?post=600"}],"version-history":[{"count":9,"href":"https:\/\/galileocom.at\/index_wp.php\/wp-json\/wp\/v2\/pages\/600\/revisions"}],"predecessor-version":[{"id":641,"href":"https:\/\/galileocom.at\/index_wp.php\/wp-json\/wp\/v2\/pages\/600\/revisions\/641"}],"wp:attachment":[{"href":"https:\/\/galileocom.at\/index_wp.php\/wp-json\/wp\/v2\/media?parent=600"}],"curies":[{"name":"wp","href":"https:\/\/api.w.org\/{rel}","templated":true}]}}