{"id":574,"date":"2014-12-27T12:32:44","date_gmt":"2014-12-27T12:32:44","guid":{"rendered":"http:\/\/galileocom.at\/index_wp.php\/?page_id=574"},"modified":"2014-12-27T12:41:23","modified_gmt":"2014-12-27T12:41:23","slug":"schlagfertigkeit","status":"publish","type":"page","link":"https:\/\/galileocom.at\/index_wp.php\/schlagfertigkeit\/","title":{"rendered":"Schlagfertigkeit mit Charme"},"content":{"rendered":"<h1><strong>Vortrag &#8211; Schlagfertigkeit mit Charme<\/strong><\/h1>\n<p><strong><img decoding=\"async\" loading=\"lazy\" class=\" size-full wp-image-579 alignright\" src=\"https:\/\/galileocom.at\/wp-content\/uploads\/2014\/09\/schlagfertigkeit.jpg\" alt=\"schlagfertigkeit\" width=\"187\" height=\"280\" \/>Worte, die nicht verletzen, aber wirken.<\/strong><\/p>\n<p>Ein Vortrag, der schlagartig Ihre Schlagfertigkeit st\u00e4rkt. Es geht um die K\u00f6nigsklasse &#8222;Schlagfertigkeit mit Charme&#8220;. Mit dem Ziel, nach einem verbalen Angriff, jedes Gespr\u00e4ch auf positive Art weiterf\u00fchren zu k\u00f6nnen. Nicht die Technik muss charmant sein, sondern der hinterlassene Eindruck. Viel N\u00fctzliches \u00fcber professionelle Taktiken wie &#8222;Quickshots&#8220; und effektive Nein-Strategien, direkt vorgetragen von zwei erfahrenen Coaches als Kommunikations-Experten vor Ort, mit zahlreichen Fallbeispielen aus Beruf und Alltag.<\/p>\n<p>&nbsp;<\/p>\n<p><strong>Grenzen setzen, ohne zu verletzen:<\/strong><\/p>\n<p>Schlagfertigkeit funktioniert wie eine gute &#8222;Fire-Wall&#8220; im pers\u00f6nlichen Gespr\u00e4ch. Charme (in Anlehnung an das lateinische Wort \u2018carminare\u2018) bezaubert und erh\u00f6ht somit die Wirksamkeit der Kommunikation. Denn charmante Menschen sind gewinnende Wesen und niemals beleidigend und (umgekehrt) auch kaum beleidigbar.<\/p>\n<p>&nbsp;<\/p>\n<p><strong>Das richtige Wort zur rechten Zeit.<\/strong><\/p>\n<p>&#8222;Herz + Humor + Hirn&#8220; sind eine wichtige Formel, aber auch die drei &#8222;S&#8220; werden n\u00e4hergebracht. Das Aushebeln von &#8222;Killer-Phrasen&#8220; und die Abwehr von verbalen Angriffen sind weitere Punkte auf der Agenda. Die richtig gesetzten Worte machen souver\u00e4n, kompetent und entspannt. Der Abend hilft dabei, sein eigenes Schlagfertigkeits-Repertoire aufzubauen, macht den \u201eSchlagfertigkeitsmuskel\u201c reaktionsschnell und hinterl\u00e4sst Teilnehmer, die um keine Antwort verlegen sind.<\/p>\n","protected":false},"excerpt":{"rendered":"<p>Vortrag &#8211; Schlagfertigkeit mit Charme Worte, die nicht verletzen, aber wirken. Ein Vortrag, der schlagartig Ihre Schlagfertigkeit st\u00e4rkt. Es geht um die K\u00f6nigsklasse &#8222;Schlagfertigkeit mit Charme&#8220;. Mit dem Ziel, nach einem verbalen Angriff, jedes&#46;&#46;&#46;<\/p>\n","protected":false},"author":2,"featured_media":0,"parent":0,"menu_order":0,"comment_status":"open","ping_status":"open","template":"","meta":{"footnotes":""},"_links":{"self":[{"href":"https:\/\/galileocom.at\/index_wp.php\/wp-json\/wp\/v2\/pages\/574"}],"collection":[{"href":"https:\/\/galileocom.at\/index_wp.php\/wp-json\/wp\/v2\/pages"}],"about":[{"href":"https:\/\/galileocom.at\/index_wp.php\/wp-json\/wp\/v2\/types\/page"}],"author":[{"embeddable":true,"href":"https:\/\/galileocom.at\/index_wp.php\/wp-json\/wp\/v2\/users\/2"}],"replies":[{"embeddable":true,"href":"https:\/\/galileocom.at\/index_wp.php\/wp-json\/wp\/v2\/comments?post=574"}],"version-history":[{"count":8,"href":"https:\/\/galileocom.at\/index_wp.php\/wp-json\/wp\/v2\/pages\/574\/revisions"}],"predecessor-version":[{"id":583,"href":"https:\/\/galileocom.at\/index_wp.php\/wp-json\/wp\/v2\/pages\/574\/revisions\/583"}],"wp:attachment":[{"href":"https:\/\/galileocom.at\/index_wp.php\/wp-json\/wp\/v2\/media?parent=574"}],"curies":[{"name":"wp","href":"https:\/\/api.w.org\/{rel}","templated":true}]}}