{"id":549,"date":"2014-12-14T16:58:05","date_gmt":"2014-12-14T16:58:05","guid":{"rendered":"http:\/\/galileocom.at\/index_wp.php\/team-members-profile\/"},"modified":"2015-02-08T17:25:27","modified_gmt":"2015-02-08T17:25:27","slug":"team-members-profile","status":"publish","type":"page","link":"https:\/\/galileocom.at\/index_wp.php\/team-members-profile\/","title":{"rendered":"Trainer Profile"},"content":{"rendered":"<div id=\"id-cmt-wrapper\" class=\"cmt-wrapper\">\r\n\t<div id=\"cmt-content\"><div id=\"cmt-profile-content\"><div id=\"Andrea-Fritz-MSc\" class=\"cmt_profile\"><div class=\"cmt_profile_pic\"><img width=\"296\" height=\"296\" src=\"https:\/\/galileocom.at\/wp-content\/uploads\/2014\/09\/andreafritz-e14234165961121.jpg\" class=\"attachment-full alignleft size-full alignleft wp-post-image\" alt=\"\" decoding=\"async\" srcset=\"https:\/\/galileocom.at\/wp-content\/uploads\/2014\/09\/andreafritz-e14234165961121.jpg 296w, https:\/\/galileocom.at\/wp-content\/uploads\/2014\/09\/andreafritz-e14234165961121-150x150.jpg 150w, https:\/\/galileocom.at\/wp-content\/uploads\/2014\/09\/andreafritz-e14234165961121-160x160.jpg 160w, https:\/\/galileocom.at\/wp-content\/uploads\/2014\/09\/andreafritz-e14234165961121-320x320.jpg 320w\" sizes=\"(max-width: 296px) 100vw, 296px\" \/>\r\n\t\t\t\t\t<\/div>\r\n\t\t\t\t<strong><span style=\"display: block; padding-top: 5px;\">Andrea Fritz MSc<\/span><\/strong>\r\n\t\t\t\t\t<p><strong><em>Trainerin<\/em><\/strong><\/p><p><p style=\"text-align: justify;\">Andrea Fritz MSc. ist akademische Psychosoziale Beraterin und diplomierte Burn-out-Managerin. Sie \u00a0bietet ihre jahrelange Expertise in den Bereichen Burn-out-Pr\u00e4vention, Lebenskrisen-Bew\u00e4ltigung und Begleitung bei beruflicher Ver\u00e4nderung seit April 2014 als eigenst\u00e4ndige Unternehmerin an. Dabei setzt sie vor allem auf eine intensive pers\u00f6nliche Betreuung und Begleitung. Neben Privatpersonen ber\u00e4t Fritz auch Firmen dahingehend, ihr \u201cEmployer Branding\u201d zu optimieren, um im so genannten \u201cWar for Talents\u201d bestehen zu k\u00f6nnen. Seit 2014 ist Andrea Fritz MSc. Netzwerkpartnerin von Galileo Communications.<\/p>\r\n<strong>E-Mail:<\/strong> <a href=\"mailto:fritz@galileocom.at\">fritz@galileocom.at<\/a>\r\n<strong>Mobil:<\/strong>\u00a0\u00a0<a href=\"tel:+436766320005\">+43\u00a0(676) 632 0005<\/a><\/p>\r\n\t\t\t\t<div class=\"clear\"><\/div><\/div>\r\n\t\t\t\t<div class=\"clear\"><\/div><div id=\"Erich-Buchinger\" class=\"cmt_profile\"><div class=\"cmt_profile_pic\"><img width=\"1926\" height=\"1926\" src=\"https:\/\/galileocom.at\/wp-content\/uploads\/2014\/12\/Erich.jpg\" class=\"attachment-full alignleft size-full alignleft wp-post-image\" alt=\"\" decoding=\"async\" srcset=\"https:\/\/galileocom.at\/wp-content\/uploads\/2014\/12\/Erich.jpg 1926w, https:\/\/galileocom.at\/wp-content\/uploads\/2014\/12\/Erich-150x150.jpg 150w, https:\/\/galileocom.at\/wp-content\/uploads\/2014\/12\/Erich-300x300.jpg 300w, https:\/\/galileocom.at\/wp-content\/uploads\/2014\/12\/Erich-1024x1024.jpg 1024w, https:\/\/galileocom.at\/wp-content\/uploads\/2014\/12\/Erich-160x160.jpg 160w\" sizes=\"(max-width: 1926px) 100vw, 1926px\" \/>\r\n\t\t\t\t\t<\/div>\r\n\t\t\t\t<strong><span style=\"display: block; padding-top: 5px;\">Erich Buchinger<\/span><\/strong>\r\n\t\t\t\t\t<p><strong><em>Trainer, Coach<\/em><\/strong><\/p><p><p style=\"text-align: justify;\">Ing. Erich Buchinger arbeitet seit 1994 in der Erwachsenenbildung und seit 1998 im Bereich Personalentwicklung, davon viele Jahre in leitender Funktion in international t\u00e4tigen Unternehmen. Neben einer technischen Ausbildung verf\u00fcgt er \u00fcber eine Rhetorik<wbr \/>trainer-Ausbildung und hat im Jahr 2008 seine Ausbildung zum NLP-Master Practitioner abgeschlossen. Seit 2010 ist Erich Buchinger\u00a0als Bewerbungsberater und Trainer selbst\u00e4ndig t\u00e4tig und Netzwerkpartner von Galileo Communications.<\/p>\r\n<strong>E-Mail:<\/strong> <a href=\"mailto:buchinger@galileocom.at\">buchinger@galileocom.at<\/a>\r\n<strong>Mobil:<\/strong> \u00a0<a href=\"tel:+436648104362\">+43 (680) 406 6 406<\/a><\/p>\r\n\t\t\t\t<div class=\"clear\"><\/div><a target=\"_blank\" title=\"Facebook Profile\" href=\"https:\/\/www.facebook.com\/bewerbungscoaching\"><img class=\"cmt-social\" src=\"https:\/\/galileocom.at\/wp-content\/plugins\/custom-team-manager\/images\/facebook.png\" alt=\"\" width=\"40\" height=\"40\" border=\"0\" \/><\/a><\/div>\r\n\t\t\t\t<div class=\"clear\"><\/div><div id=\"Peter-Halvax\" class=\"cmt_profile\"><div class=\"cmt_profile_pic\"><img width=\"450\" height=\"450\" src=\"https:\/\/galileocom.at\/wp-content\/uploads\/2014\/12\/Foto_Nummer_853995.jpg\" class=\"attachment-full alignleft size-full alignleft wp-post-image\" alt=\"\" decoding=\"async\" srcset=\"https:\/\/galileocom.at\/wp-content\/uploads\/2014\/12\/Foto_Nummer_853995.jpg 450w, https:\/\/galileocom.at\/wp-content\/uploads\/2014\/12\/Foto_Nummer_853995-150x150.jpg 150w, https:\/\/galileocom.at\/wp-content\/uploads\/2014\/12\/Foto_Nummer_853995-300x300.jpg 300w, https:\/\/galileocom.at\/wp-content\/uploads\/2014\/12\/Foto_Nummer_853995-160x160.jpg 160w\" sizes=\"(max-width: 450px) 100vw, 450px\" \/>\r\n\t\t\t\t\t<\/div>\r\n\t\t\t\t<strong><span style=\"display: block; padding-top: 5px;\">Peter Halvax<\/span><\/strong>\r\n\t\t\t\t\t<p><strong><em>Trainer, Inhaber<\/em><\/strong><\/p><p><p style=\"text-align: justify;\">Peter Halvax, Redner und Trainer aus Leidenschaft, ist ein Experte f\u00fcr zielgerichtete Kommunikation. Die Trainings basieren auf neuesten wissenschaftlichen Erkenntnissen der Psychologie. Sein Knowhow sammelte er in seiner langj\u00e4hrigen T\u00e4tigkeit im Verkauf eines internationalen Konzerns. In den Coachings, Seminaren und Vortr\u00e4gen begeistert er die Teilnehmer mit seiner motivierenden, inspirierenden und emotionalisierenden Art der Vermittlung gelebten und erprobten Erfolgswissens.<\/p>\r\n<strong>E-Mail:<\/strong> <a href=\"mailto:halvax@galileocom.at\">halvax@galileocom.at<\/a>\r\n\r\n<strong>Mobil:<\/strong>\u00a0 \u00a0<a href=\"tel:+436642223444\">+43 (664) 222 3 444<\/a><\/p>\r\n\t\t\t\t<div class=\"clear\"><\/div><\/div>\r\n\t\t\t\t<div class=\"clear\"><\/div><\/div>\t\t\t\t\r\n\t<\/div>\r\n<\/div>\n","protected":false},"excerpt":{"rendered":"","protected":false},"author":2,"featured_media":0,"parent":0,"menu_order":0,"comment_status":"open","ping_status":"open","template":"","meta":{"footnotes":""},"_links":{"self":[{"href":"https:\/\/galileocom.at\/index_wp.php\/wp-json\/wp\/v2\/pages\/549"}],"collection":[{"href":"https:\/\/galileocom.at\/index_wp.php\/wp-json\/wp\/v2\/pages"}],"about":[{"href":"https:\/\/galileocom.at\/index_wp.php\/wp-json\/wp\/v2\/types\/page"}],"author":[{"embeddable":true,"href":"https:\/\/galileocom.at\/index_wp.php\/wp-json\/wp\/v2\/users\/2"}],"replies":[{"embeddable":true,"href":"https:\/\/galileocom.at\/index_wp.php\/wp-json\/wp\/v2\/comments?post=549"}],"version-history":[{"count":2,"href":"https:\/\/galileocom.at\/index_wp.php\/wp-json\/wp\/v2\/pages\/549\/revisions"}],"predecessor-version":[{"id":782,"href":"https:\/\/galileocom.at\/index_wp.php\/wp-json\/wp\/v2\/pages\/549\/revisions\/782"}],"wp:attachment":[{"href":"https:\/\/galileocom.at\/index_wp.php\/wp-json\/wp\/v2\/media?parent=549"}],"curies":[{"name":"wp","href":"https:\/\/api.w.org\/{rel}","templated":true}]}}