{"id":226,"date":"2014-09-29T16:21:46","date_gmt":"2014-09-29T16:21:46","guid":{"rendered":"http:\/\/galileocom.at\/index_wp.php\/?page_id=226"},"modified":"2015-05-06T11:38:07","modified_gmt":"2015-05-06T11:38:07","slug":"kommunikation-und-die-alpha-rolle","status":"publish","type":"page","link":"https:\/\/galileocom.at\/index_wp.php\/trainings\/kommunikation-und-die-alpha-rolle\/","title":{"rendered":"F\u00fchrungskr\u00e4fte"},"content":{"rendered":"<table style=\"background-color: #ffffff; border-color: #ffffff; width: 100%;\">\n<tbody>\n<tr>\n<td style=\"vertical-align: middle; width: 50%;\">\n<h6 style=\"text-align: left;\"><strong>Wollen Sie in jeder Situation sympathisch und souver\u00e4n wirken?\u00a0Puppenspieler oder Marionette?<\/strong><\/h6>\n<p style=\"text-align: left;\">Bewerten Sie UNSERE Qualit\u00e4t anhand IHRER Ergebnisse.<\/p>\n<\/td>\n<td>\n<h6>\u00a0<img decoding=\"async\" loading=\"lazy\" class=\"alignright wp-image-884\" src=\"https:\/\/galileocom.at\/wp-content\/uploads\/2014\/09\/F\u00fchrung-300x201.png\" alt=\"F\u00fchrung\" width=\"290\" height=\"194\" srcset=\"https:\/\/galileocom.at\/wp-content\/uploads\/2014\/09\/F\u00fchrung-300x201.png 300w, https:\/\/galileocom.at\/wp-content\/uploads\/2014\/09\/F\u00fchrung.png 1000w\" sizes=\"(max-width: 290px) 100vw, 290px\" \/><\/h6>\n<\/td>\n<\/tr>\n<tr>\n<td style=\"width: 50%; text-align: left; vertical-align: top;\">\n<ul>\n<li style=\"list-style-image: url('https:\/\/galileocom.at\/wp-content\/uploads\/2014\/09\/tick.png');\">Erfolgreich durch klare Eigen-Definition<\/li>\n<li style=\"list-style-image: url('https:\/\/galileocom.at\/wp-content\/uploads\/2014\/09\/tick.png');\">Die Ich -Kompetenz<\/li>\n<li style=\"list-style-image: url('https:\/\/galileocom.at\/wp-content\/uploads\/2014\/09\/tick.png');\">Rhetorische Intelligenz<\/li>\n<li style=\"list-style-image: url('https:\/\/galileocom.at\/wp-content\/uploads\/2014\/09\/tick.png');\">Kontern Sie Angriffe souver\u00e4n und elegant<\/li>\n<li style=\"list-style-image: url('https:\/\/galileocom.at\/wp-content\/uploads\/2014\/09\/tick.png');\">Nie wieder sprachlos<\/li>\n<\/ul>\n<\/td>\n<td style=\"vertical-align: bottom;\">\n<ul>\n<li style=\"list-style-image: url('https:\/\/galileocom.at\/wp-content\/uploads\/2014\/09\/tick.png'); text-align: left;\">Jede Situation im Griff<\/li>\n<li style=\"list-style-image: url('https:\/\/galileocom.at\/wp-content\/uploads\/2014\/09\/tick.png'); text-align: left;\">Erreichen Sie was SIE wollen<\/li>\n<li style=\"list-style-image: url('https:\/\/galileocom.at\/wp-content\/uploads\/2014\/09\/tick.png'); text-align: left;\">W\u00e4hlen Sie Ihren Auftritt: charmant -kompromissbereit -streng &#8211; souver\u00e4n -eloquent &#8211; Das alles steckt in Ihnen<\/li>\n<li style=\"list-style-image: url('https:\/\/galileocom.at\/wp-content\/uploads\/2014\/09\/tick.png'); text-align: left;\">Lassen Sie Ihre Mitmenschen f\u00fcr Sie arbeiten und machen Sie sie gl\u00fccklich dadurch<\/li>\n<\/ul>\n<\/td>\n<\/tr>\n<tr>\n<td style=\"vertical-align: bottom; text-align: left;\"><strong>Trainings-Themen:<\/strong><\/td>\n<td><\/td>\n<\/tr>\n<tr>\n<td>\n<ul>\n<li style=\"list-style-image: url('https:\/\/galileocom.at\/wp-content\/uploads\/2014\/09\/tick.png'); text-align: left;\">Die rhetorischen &#8222;Wirk&#8220;zeuge<\/li>\n<li style=\"list-style-image: url('https:\/\/galileocom.at\/wp-content\/uploads\/2014\/09\/tick.png'); text-align: left;\">Wege zur Schlagfertigkeit<\/li>\n<li style=\"list-style-image: url('https:\/\/galileocom.at\/wp-content\/uploads\/2014\/09\/tick.png'); text-align: left;\">Wie motiviere und f\u00fchre ich meine Mitarbeiter- &#8220; F\u00fchren &#8211; F\u00f6rdern &#8211; Fordern&#8220;<\/li>\n<li style=\"list-style-image: url('https:\/\/galileocom.at\/wp-content\/uploads\/2014\/09\/tick.png'); text-align: left;\">Der Weg zum Spitzenteam<\/li>\n<\/ul>\n<\/td>\n<td style=\"vertical-align: top;\">\n<ul>\n<li style=\"list-style-image: url('https:\/\/galileocom.at\/wp-content\/uploads\/2014\/09\/tick.png'); text-align: left;\">In der Schaltzentrale der Macht<\/li>\n<li style=\"list-style-image: url('https:\/\/galileocom.at\/wp-content\/uploads\/2014\/09\/tick.png'); text-align: left;\">Schachz\u00fcge der Manipulation<\/li>\n<li style=\"list-style-image: url('https:\/\/galileocom.at\/wp-content\/uploads\/2014\/09\/tick.png'); text-align: left;\">Train the Trainer<\/li>\n<\/ul>\n<\/td>\n<\/tr>\n<\/tbody>\n<\/table>\n","protected":false},"excerpt":{"rendered":"<p>Wollen Sie in jeder Situation sympathisch und souver\u00e4n wirken?\u00a0Puppenspieler oder Marionette? Bewerten Sie UNSERE Qualit\u00e4t anhand IHRER Ergebnisse. \u00a0 Erfolgreich durch klare Eigen-Definition Die Ich -Kompetenz Rhetorische Intelligenz Kontern Sie Angriffe souver\u00e4n und elegant&#46;&#46;&#46;<\/p>\n","protected":false},"author":2,"featured_media":0,"parent":82,"menu_order":0,"comment_status":"open","ping_status":"closed","template":"","meta":{"footnotes":""},"_links":{"self":[{"href":"https:\/\/galileocom.at\/index_wp.php\/wp-json\/wp\/v2\/pages\/226"}],"collection":[{"href":"https:\/\/galileocom.at\/index_wp.php\/wp-json\/wp\/v2\/pages"}],"about":[{"href":"https:\/\/galileocom.at\/index_wp.php\/wp-json\/wp\/v2\/types\/page"}],"author":[{"embeddable":true,"href":"https:\/\/galileocom.at\/index_wp.php\/wp-json\/wp\/v2\/users\/2"}],"replies":[{"embeddable":true,"href":"https:\/\/galileocom.at\/index_wp.php\/wp-json\/wp\/v2\/comments?post=226"}],"version-history":[{"count":30,"href":"https:\/\/galileocom.at\/index_wp.php\/wp-json\/wp\/v2\/pages\/226\/revisions"}],"predecessor-version":[{"id":913,"href":"https:\/\/galileocom.at\/index_wp.php\/wp-json\/wp\/v2\/pages\/226\/revisions\/913"}],"up":[{"embeddable":true,"href":"https:\/\/galileocom.at\/index_wp.php\/wp-json\/wp\/v2\/pages\/82"}],"wp:attachment":[{"href":"https:\/\/galileocom.at\/index_wp.php\/wp-json\/wp\/v2\/media?parent=226"}],"curies":[{"name":"wp","href":"https:\/\/api.w.org\/{rel}","templated":true}]}}