{"id":215,"date":"2014-09-29T16:10:24","date_gmt":"2014-09-29T16:10:24","guid":{"rendered":"http:\/\/galileocom.at\/index_wp.php\/?page_id=215"},"modified":"2015-05-06T11:38:44","modified_gmt":"2015-05-06T11:38:44","slug":"kommunikation-und-verkauf","status":"publish","type":"page","link":"https:\/\/galileocom.at\/index_wp.php\/trainings\/kommunikation-und-verkauf\/","title":{"rendered":"Verk\u00e4ufer &#038; Key Accounter"},"content":{"rendered":"<table style=\"background-color: #ffffff; border-color: #ffffff; width: 100%;\">\n<tbody>\n<tr>\n<td style=\"vertical-align: middle; width: 50%;\">\n<h6 style=\"text-align: left;\"><strong>Wollen Sie blo\u00df verkaufen, oder wollen Sie in der Top-Liga sein?<\/strong><\/h6>\n<p style=\"text-align: left;\">Bewerten Sie UNSERE Qualit\u00e4t anhand IHRER Umsatzzahlen.<\/p>\n<\/td>\n<td>\u00a0<img decoding=\"async\" loading=\"lazy\" class=\" wp-image-885 alignright\" src=\"https:\/\/galileocom.at\/wp-content\/uploads\/2014\/09\/Keyaccount.png\" alt=\"Keyaccount\" width=\"290\" height=\"313\" srcset=\"https:\/\/galileocom.at\/wp-content\/uploads\/2014\/09\/Keyaccount.png 926w, https:\/\/galileocom.at\/wp-content\/uploads\/2014\/09\/Keyaccount-278x300.png 278w\" sizes=\"(max-width: 290px) 100vw, 290px\" \/><\/td>\n<\/tr>\n<tr>\n<td style=\"vertical-align: middle; width: 50%;\">\n<ul>\n<li style=\"list-style-image: url('https:\/\/galileocom.at\/wp-content\/uploads\/2014\/09\/tick.png'); text-align: left;\">Hier lernen Sie die Methodik zur Entwicklung einer zielorientierten UND nutzenorientierten\u00a0Bedarfserhebung!<\/li>\n<li style=\"list-style-image: url('https:\/\/galileocom.at\/wp-content\/uploads\/2014\/09\/tick.png'); text-align: left;\">Neukunden zu begeistern braucht neue Wege, ab jetzt sind es Ihre.<\/li>\n<li style=\"list-style-image: url('https:\/\/galileocom.at\/wp-content\/uploads\/2014\/09\/tick.png'); text-align: left;\">Hier erfahren Sie konkret wie Sie auf welchen Einwand reagieren und ihn entkr\u00e4ften! Und wie Sie Vorw\u00e4nde wegsp\u00fclen.<\/li>\n<li style=\"list-style-image: url('https:\/\/galileocom.at\/wp-content\/uploads\/2014\/09\/tick.png'); text-align: left;\">Sie erfahren die Magie der &#8222;Eisbrecher-Frage&#8220;, und der<br \/>\n&#8222;3 K\u00f6nigs-Fragen&#8220;\u00a0in der Mitbewerber-Situation.<\/li>\n<\/ul>\n<\/td>\n<td style=\"vertical-align: top;\">\n<ul>\n<li style=\"list-style-image: url('https:\/\/galileocom.at\/wp-content\/uploads\/2014\/09\/tick.png'); text-align: left;\">Sie strukturieren ab jetzt die Thematik des Preises und verhandeln ertragreicher.<\/li>\n<li style=\"list-style-image: url('https:\/\/galileocom.at\/wp-content\/uploads\/2014\/09\/tick.png'); text-align: left;\">Sie pr\u00e4sentieren noch konzentrierter und spannender mit Ordnung und Strategie.<\/li>\n<li style=\"list-style-image: url('https:\/\/galileocom.at\/wp-content\/uploads\/2014\/09\/tick.png'); text-align: left;\">Ihre Sprache und Redegewandtheit \u00fcberzeugt.<\/li>\n<li style=\"list-style-image: url('https:\/\/galileocom.at\/wp-content\/uploads\/2014\/09\/tick.png'); text-align: left;\">Der Abschluss ist nur mehr Formsache&#8230;.<\/li>\n<\/ul>\n<\/td>\n<\/tr>\n<tr>\n<td style=\"vertical-align: bottom; text-align: left;\"><strong>Trainings-Themen:<\/strong><\/td>\n<td><\/td>\n<\/tr>\n<tr>\n<td>\n<ul>\n<li style=\"list-style-image: url('https:\/\/galileocom.at\/wp-content\/uploads\/2014\/09\/tick.png'); text-align: left;\">Verkaufen in der Praxis<\/li>\n<li style=\"list-style-image: url('https:\/\/galileocom.at\/wp-content\/uploads\/2014\/09\/tick.png'); text-align: left;\">Neukundenakquisition<\/li>\n<li style=\"list-style-image: url('https:\/\/galileocom.at\/wp-content\/uploads\/2014\/09\/tick.png'); text-align: left;\">Verhandlungstechnik<\/li>\n<li style=\"list-style-image: url('https:\/\/galileocom.at\/wp-content\/uploads\/2014\/09\/tick.png'); text-align: left;\">Verkaufstechnik und Verkaufsrhetorik<\/li>\n<\/ul>\n<\/td>\n<td>\n<ul>\n<li style=\"list-style-image: url('https:\/\/galileocom.at\/wp-content\/uploads\/2014\/09\/tick.png'); text-align: left;\">Preisverhandlung<\/li>\n<li style=\"list-style-image: url('https:\/\/galileocom.at\/wp-content\/uploads\/2014\/09\/tick.png'); text-align: left;\">Professioneller Umgang mit Reklamationen und Beschwerden<\/li>\n<li style=\"list-style-image: url('https:\/\/galileocom.at\/wp-content\/uploads\/2014\/09\/tick.png'); text-align: left;\">Terminvereinbarung am Telefon<\/li>\n<li style=\"list-style-image: url('https:\/\/galileocom.at\/wp-content\/uploads\/2014\/09\/tick.png'); text-align: left;\">Verkauf am Telefon<\/li>\n<\/ul>\n<\/td>\n<\/tr>\n<\/tbody>\n<\/table>\n","protected":false},"excerpt":{"rendered":"<p>Wollen Sie blo\u00df verkaufen, oder wollen Sie in der Top-Liga sein? Bewerten Sie UNSERE Qualit\u00e4t anhand IHRER Umsatzzahlen. \u00a0 Hier lernen Sie die Methodik zur Entwicklung einer zielorientierten UND nutzenorientierten\u00a0Bedarfserhebung! Neukunden zu begeistern braucht&#46;&#46;&#46;<\/p>\n","protected":false},"author":2,"featured_media":0,"parent":82,"menu_order":0,"comment_status":"open","ping_status":"open","template":"","meta":{"footnotes":""},"_links":{"self":[{"href":"https:\/\/galileocom.at\/index_wp.php\/wp-json\/wp\/v2\/pages\/215"}],"collection":[{"href":"https:\/\/galileocom.at\/index_wp.php\/wp-json\/wp\/v2\/pages"}],"about":[{"href":"https:\/\/galileocom.at\/index_wp.php\/wp-json\/wp\/v2\/types\/page"}],"author":[{"embeddable":true,"href":"https:\/\/galileocom.at\/index_wp.php\/wp-json\/wp\/v2\/users\/2"}],"replies":[{"embeddable":true,"href":"https:\/\/galileocom.at\/index_wp.php\/wp-json\/wp\/v2\/comments?post=215"}],"version-history":[{"count":71,"href":"https:\/\/galileocom.at\/index_wp.php\/wp-json\/wp\/v2\/pages\/215\/revisions"}],"predecessor-version":[{"id":914,"href":"https:\/\/galileocom.at\/index_wp.php\/wp-json\/wp\/v2\/pages\/215\/revisions\/914"}],"up":[{"embeddable":true,"href":"https:\/\/galileocom.at\/index_wp.php\/wp-json\/wp\/v2\/pages\/82"}],"wp:attachment":[{"href":"https:\/\/galileocom.at\/index_wp.php\/wp-json\/wp\/v2\/media?parent=215"}],"curies":[{"name":"wp","href":"https:\/\/api.w.org\/{rel}","templated":true}]}}