{"id":10,"date":"2014-09-01T10:00:55","date_gmt":"2014-09-01T10:00:55","guid":{"rendered":"http:\/\/galileocom.at\/index_wp.php\/?page_id=10"},"modified":"2015-02-04T16:12:38","modified_gmt":"2015-02-04T16:12:38","slug":"ueber-uns-was-wir-denken","status":"publish","type":"page","link":"https:\/\/galileocom.at\/index_wp.php\/ueber-uns-was-wir-denken\/","title":{"rendered":"Wieso sind wir anders?"},"content":{"rendered":"<p><!--\n\n\n<h3>\u00dcber uns<\/h3>\n\n\nWie schon Galileo einst, sind wir offen f\u00fcr neue Erkenntnisse und bereit, neue Wege zu gehen. Kommunikation, als Disziplin im Wandel der Zeit, braucht ihre <strong>bestm\u00f6gliche Anpassung<\/strong> an den Menschen, die Situation und das Umfeld. Dieser Dialog nach aussen basiert auf den eigenen Werten, Erfahrungen, Glaubenss\u00e4tzen und dem inneren Dialog.\n\nWir unterst\u00fctzen Menschen dabei, neue, erfolgreiche Wege f\u00fcr sich zu entdecken, um die <strong>eigenen Ziele zu verwirklichen<\/strong>. Leichtigkeit und Freude sind hierbei die Schl\u00fcssel, so wie kommunikative Kreativit\u00e4t.\n\nWarum nicht von den vielen \"Wegen nach Rom\" denjenigen w\u00e4hlen, der mich einfacher und mit Spa\u00df und Freude ans Ziel f\u00fchrt? W\u00e4hlen Sie <strong>Training, Coaching<\/strong> oder genie\u00dfen Sie einfach eine unserer <strong>Infotainment-Shows<\/strong><a id=\"anders\"><\/a>.\n\n\n<h3>Wieso sind wir anders?<\/h3>\n\n\n--><\/p>\n<ul>\n<li style=\"list-style-image: url('https:\/\/galileocom.at\/wp-content\/uploads\/2014\/09\/tick.png');\">Sehr schnelles, empathisches und analytisches Erkennen von Potenzialen f\u00fchrt uns gemeinsam z\u00fcgig auf die Erfolgsstra\u00dfe.<\/li>\n<li style=\"list-style-image: url('https:\/\/galileocom.at\/wp-content\/uploads\/2014\/09\/tick.png'); margin-top: 0.6em;\">Als w\u00fcrde sich die Erde immer &#8222;schneller drehen&#8220;, bedingt dieser Wandel der Zeit, ein st\u00e4ndiges Auseinandersetzen und Weiterentwickeln von psychologischen, rhetorischen und ebenso hochemotionalen Zug\u00e4ngen bzw. Kommunikations-Kan\u00e4len. Durch unsere Begeisterung in diesem Tun sind wir &#8222;On Top&#8220;.<\/li>\n<li style=\"list-style-image: url('https:\/\/galileocom.at\/wp-content\/uploads\/2014\/09\/tick.png'); margin-top: 0.6em;\">Unsere stilvolle Kommunikationskultur, ein bewusstes Wertedasein, der heitere Zugang und die inhaltlich-ernsthafte Umsetzung sowohl im Dialog mit jedem Menschen bis hin zu unserem weitreichenden Netzwerk, sind die Grundfesten unserer Philosophie.<\/li>\n<li style=\"list-style-image: url('https:\/\/galileocom.at\/wp-content\/uploads\/2014\/09\/tick.png'); margin-top: 0.6em;\">Satte <a title=\"Referenzen\" href=\"https:\/\/galileocom.at\/index_wp.php\/referenzen\/\">Referenzen<\/a> f\u00fcr Erfahrung und Kompetenzen!<\/li>\n<\/ul>\n","protected":false},"excerpt":{"rendered":"<p>Sehr schnelles, empathisches und analytisches Erkennen von Potenzialen f\u00fchrt uns gemeinsam z\u00fcgig auf die Erfolgsstra\u00dfe. Als w\u00fcrde sich die Erde immer &#8222;schneller drehen&#8220;, bedingt dieser Wandel der Zeit, ein st\u00e4ndiges Auseinandersetzen und Weiterentwickeln von&#46;&#46;&#46;<\/p>\n","protected":false},"author":2,"featured_media":0,"parent":0,"menu_order":0,"comment_status":"closed","ping_status":"closed","template":"","meta":{"footnotes":""},"_links":{"self":[{"href":"https:\/\/galileocom.at\/index_wp.php\/wp-json\/wp\/v2\/pages\/10"}],"collection":[{"href":"https:\/\/galileocom.at\/index_wp.php\/wp-json\/wp\/v2\/pages"}],"about":[{"href":"https:\/\/galileocom.at\/index_wp.php\/wp-json\/wp\/v2\/types\/page"}],"author":[{"embeddable":true,"href":"https:\/\/galileocom.at\/index_wp.php\/wp-json\/wp\/v2\/users\/2"}],"replies":[{"embeddable":true,"href":"https:\/\/galileocom.at\/index_wp.php\/wp-json\/wp\/v2\/comments?post=10"}],"version-history":[{"count":28,"href":"https:\/\/galileocom.at\/index_wp.php\/wp-json\/wp\/v2\/pages\/10\/revisions"}],"predecessor-version":[{"id":709,"href":"https:\/\/galileocom.at\/index_wp.php\/wp-json\/wp\/v2\/pages\/10\/revisions\/709"}],"wp:attachment":[{"href":"https:\/\/galileocom.at\/index_wp.php\/wp-json\/wp\/v2\/media?parent=10"}],"curies":[{"name":"wp","href":"https:\/\/api.w.org\/{rel}","templated":true}]}}